{"id":5212,"date":"2023-07-04T12:55:04","date_gmt":"2023-07-04T16:55:04","guid":{"rendered":"https:\/\/mandao.app\/blog\/?page_id=5212"},"modified":"2025-05-07T13:06:18","modified_gmt":"2025-05-07T17:06:18","slug":"promo","status":"publish","type":"page","link":"https:\/\/mandao.app\/blog\/promo\/","title":{"rendered":"Promo"},"content":{"rendered":"\t\t<div data-elementor-type=\"wp-page\" data-elementor-id=\"5212\" class=\"elementor elementor-5212\">\n\t\t\t\t\t\t<section class=\"elementor-section elementor-top-section elementor-element elementor-element-36a3829 elementor-section-full_width elementor-section-height-default elementor-section-height-default\" data-id=\"36a3829\" data-element_type=\"section\" data-e-type=\"section\" data-settings=\"{&quot;background_background&quot;:&quot;classic&quot;}\">\n\t\t\t\t\t\t<div class=\"elementor-container elementor-column-gap-default\">\n\t\t\t\t\t<div class=\"elementor-column elementor-col-16 elementor-top-column elementor-element elementor-element-d4a7462\" data-id=\"d4a7462\" data-element_type=\"column\" data-e-type=\"column\">\n\t\t\t<div class=\"elementor-widget-wrap\">\n\t\t\t\t\t\t\t<\/div>\n\t\t<\/div>\n\t\t\t\t<div class=\"elementor-column elementor-col-16 elementor-top-column elementor-element elementor-element-96cb6a9\" data-id=\"96cb6a9\" data-element_type=\"column\" data-e-type=\"column\">\n\t\t\t<div class=\"elementor-widget-wrap\">\n\t\t\t\t\t\t\t<\/div>\n\t\t<\/div>\n\t\t\t\t<div class=\"elementor-column elementor-col-16 elementor-top-column elementor-element elementor-element-d4a2e0f\" data-id=\"d4a2e0f\" data-element_type=\"column\" data-e-type=\"column\">\n\t\t\t<div class=\"elementor-widget-wrap\">\n\t\t\t\t\t\t\t<\/div>\n\t\t<\/div>\n\t\t\t\t<div class=\"elementor-column elementor-col-16 elementor-top-column elementor-element elementor-element-3d49003\" data-id=\"3d49003\" data-element_type=\"column\" data-e-type=\"column\">\n\t\t\t<div class=\"elementor-widget-wrap elementor-element-populated\">\n\t\t\t\t\t\t<div class=\"elementor-element elementor-element-af65912 elementor-widget elementor-widget-spacer\" data-id=\"af65912\" data-element_type=\"widget\" data-e-type=\"widget\" data-widget_type=\"spacer.default\">\n\t\t\t\t<div class=\"elementor-widget-container\">\n\t\t\t\t\t\t\t<div class=\"elementor-spacer\">\n\t\t\t<div class=\"elementor-spacer-inner\"><\/div>\n\t\t<\/div>\n\t\t\t\t\t\t<\/div>\n\t\t\t\t<\/div>\n\t\t\t\t<div class=\"elementor-element elementor-element-f1eea12 elementor-widget elementor-widget-image\" data-id=\"f1eea12\" data-element_type=\"widget\" data-e-type=\"widget\" data-widget_type=\"image.default\">\n\t\t\t\t<div class=\"elementor-widget-container\">\n\t\t\t\t\t\t\t\t\t\t\t\t\t\t\t<img decoding=\"async\" src=\"https:\/\/mandao.app\/blog\/wp-content\/uploads\/2023\/07\/Mandao234-02.png\" title=\"Mandao234-02\" alt=\"Mandao234-02\" loading=\"lazy\" \/>\t\t\t\t\t\t\t\t\t\t\t\t\t\t\t<\/div>\n\t\t\t\t<\/div>\n\t\t\t\t<div class=\"elementor-element elementor-element-03c08d1 elementor-widget elementor-widget-spacer\" data-id=\"03c08d1\" data-element_type=\"widget\" data-e-type=\"widget\" data-widget_type=\"spacer.default\">\n\t\t\t\t<div class=\"elementor-widget-container\">\n\t\t\t\t\t\t\t<div class=\"elementor-spacer\">\n\t\t\t<div class=\"elementor-spacer-inner\"><\/div>\n\t\t<\/div>\n\t\t\t\t\t\t<\/div>\n\t\t\t\t<\/div>\n\t\t\t\t<div class=\"elementor-element elementor-element-372fdcc elementor-widget elementor-widget-heading\" data-id=\"372fdcc\" data-element_type=\"widget\" data-e-type=\"widget\" data-widget_type=\"heading.default\">\n\t\t\t\t<div class=\"elementor-widget-container\">\n\t\t\t\t\t<h2 class=\"elementor-heading-title elementor-size-default\">ESCANEA Y DESCARGA<br>LA APP<\/h2>\t\t\t\t<\/div>\n\t\t\t\t<\/div>\n\t\t\t\t<div class=\"elementor-element elementor-element-36e51f2 elementor-widget elementor-widget-spacer\" data-id=\"36e51f2\" data-element_type=\"widget\" data-e-type=\"widget\" data-widget_type=\"spacer.default\">\n\t\t\t\t<div class=\"elementor-widget-container\">\n\t\t\t\t\t\t\t<div class=\"elementor-spacer\">\n\t\t\t<div class=\"elementor-spacer-inner\"><\/div>\n\t\t<\/div>\n\t\t\t\t\t\t<\/div>\n\t\t\t\t<\/div>\n\t\t\t\t<div class=\"elementor-element elementor-element-3c24ba4 elementor-widget elementor-widget-image\" data-id=\"3c24ba4\" data-element_type=\"widget\" data-e-type=\"widget\" data-widget_type=\"image.default\">\n\t\t\t\t<div class=\"elementor-widget-container\">\n\t\t\t\t\t\t\t\t\t\t\t\t\t\t\t<img decoding=\"async\" width=\"151\" height=\"151\" src=\"https:\/\/mandao.app\/blog\/wp-content\/uploads\/2023\/07\/QR-3.png\" class=\"attachment-large size-large wp-image-5223\" alt=\"\" srcset=\"https:\/\/mandao.app\/blog\/wp-content\/uploads\/2023\/07\/QR-3.png 151w, https:\/\/mandao.app\/blog\/wp-content\/uploads\/2023\/07\/QR-3-90x90.png 90w\" sizes=\"(max-width: 151px) 100vw, 151px\" \/>\t\t\t\t\t\t\t\t\t\t\t\t\t\t\t<\/div>\n\t\t\t\t<\/div>\n\t\t\t\t<div class=\"elementor-element elementor-element-9ee913a elementor-widget elementor-widget-spacer\" data-id=\"9ee913a\" data-element_type=\"widget\" data-e-type=\"widget\" data-widget_type=\"spacer.default\">\n\t\t\t\t<div class=\"elementor-widget-container\">\n\t\t\t\t\t\t\t<div class=\"elementor-spacer\">\n\t\t\t<div class=\"elementor-spacer-inner\"><\/div>\n\t\t<\/div>\n\t\t\t\t\t\t<\/div>\n\t\t\t\t<\/div>\n\t\t\t\t<div class=\"elementor-element elementor-element-2a91c52 elementor-widget__width-initial elementor-widget elementor-widget-image\" data-id=\"2a91c52\" data-element_type=\"widget\" data-e-type=\"widget\" data-widget_type=\"image.default\">\n\t\t\t\t<div class=\"elementor-widget-container\">\n\t\t\t\t\t\t\t\t\t\t\t\t\t\t\t\t<a href=\"https:\/\/play.google.com\/store\/apps\/details?id=com.mandao.delivery\" target=\"_blank\">\n\t\t\t\t\t\t\t<img decoding=\"async\" width=\"300\" height=\"80\" src=\"https:\/\/mandao.app\/blog\/wp-content\/uploads\/2021\/03\/png-clipart-google-play-google-logo-mobile-app-app-store-play-store-label-text_edited.png-300x80.jpg\" class=\"attachment-medium size-medium wp-image-2811\" alt=\"\" srcset=\"https:\/\/mandao.app\/blog\/wp-content\/uploads\/2021\/03\/png-clipart-google-play-google-logo-mobile-app-app-store-play-store-label-text_edited.png-300x80.jpg 300w, https:\/\/mandao.app\/blog\/wp-content\/uploads\/2021\/03\/png-clipart-google-play-google-logo-mobile-app-app-store-play-store-label-text_edited.png.jpg 622w\" sizes=\"(max-width: 300px) 100vw, 300px\" \/>\t\t\t\t\t\t\t\t<\/a>\n\t\t\t\t\t\t\t\t\t\t\t\t\t\t\t<\/div>\n\t\t\t\t<\/div>\n\t\t\t\t<div class=\"elementor-element elementor-element-4bc2aa8 elementor-widget elementor-widget-spacer\" data-id=\"4bc2aa8\" data-element_type=\"widget\" data-e-type=\"widget\" data-widget_type=\"spacer.default\">\n\t\t\t\t<div class=\"elementor-widget-container\">\n\t\t\t\t\t\t\t<div class=\"elementor-spacer\">\n\t\t\t<div class=\"elementor-spacer-inner\"><\/div>\n\t\t<\/div>\n\t\t\t\t\t\t<\/div>\n\t\t\t\t<\/div>\n\t\t\t\t<div class=\"elementor-element elementor-element-09117fc elementor-widget__width-initial elementor-widget elementor-widget-image\" data-id=\"09117fc\" data-element_type=\"widget\" data-e-type=\"widget\" data-widget_type=\"image.default\">\n\t\t\t\t<div class=\"elementor-widget-container\">\n\t\t\t\t\t\t\t\t\t\t\t\t\t\t\t\t<a href=\"https:\/\/apps.apple.com\/us\/app\/mandao-user\/id1489704057\" target=\"_blank\">\n\t\t\t\t\t\t\t<img decoding=\"async\" width=\"300\" height=\"83\" src=\"https:\/\/mandao.app\/blog\/wp-content\/uploads\/2021\/03\/png-transparent-app-store-word-invasion-associations-mobile-app-apple-google-play-apple-text-logo-black_edited.png-300x83.jpg\" class=\"attachment-medium size-medium wp-image-2813\" alt=\"\" srcset=\"https:\/\/mandao.app\/blog\/wp-content\/uploads\/2021\/03\/png-transparent-app-store-word-invasion-associations-mobile-app-apple-google-play-apple-text-logo-black_edited.png-300x83.jpg 300w, https:\/\/mandao.app\/blog\/wp-content\/uploads\/2021\/03\/png-transparent-app-store-word-invasion-associations-mobile-app-apple-google-play-apple-text-logo-black_edited.png-768x213.jpg 768w, https:\/\/mandao.app\/blog\/wp-content\/uploads\/2021\/03\/png-transparent-app-store-word-invasion-associations-mobile-app-apple-google-play-apple-text-logo-black_edited.png.jpg 781w\" sizes=\"(max-width: 300px) 100vw, 300px\" \/>\t\t\t\t\t\t\t\t<\/a>\n\t\t\t\t\t\t\t\t\t\t\t\t\t\t\t<\/div>\n\t\t\t\t<\/div>\n\t\t\t\t<div class=\"elementor-element elementor-element-1853dac elementor-widget elementor-widget-spacer\" data-id=\"1853dac\" data-element_type=\"widget\" data-e-type=\"widget\" data-widget_type=\"spacer.default\">\n\t\t\t\t<div class=\"elementor-widget-container\">\n\t\t\t\t\t\t\t<div class=\"elementor-spacer\">\n\t\t\t<div class=\"elementor-spacer-inner\"><\/div>\n\t\t<\/div>\n\t\t\t\t\t\t<\/div>\n\t\t\t\t<\/div>\n\t\t\t\t\t<\/div>\n\t\t<\/div>\n\t\t\t\t<div class=\"elementor-column elementor-col-16 elementor-top-column elementor-element elementor-element-5db1bff\" data-id=\"5db1bff\" data-element_type=\"column\" data-e-type=\"column\">\n\t\t\t<div class=\"elementor-widget-wrap\">\n\t\t\t\t\t\t\t<\/div>\n\t\t<\/div>\n\t\t\t\t<div class=\"elementor-column elementor-col-16 elementor-top-column elementor-element elementor-element-f495a68\" data-id=\"f495a68\" data-element_type=\"column\" data-e-type=\"column\">\n\t\t\t<div class=\"elementor-widget-wrap\">\n\t\t\t\t\t\t\t<\/div>\n\t\t<\/div>\n\t\t\t\t\t<\/div>\n\t\t<\/section>\n\t\t\t\t<\/div>\n\t\t","protected":false},"excerpt":{"rendered":"<p>ESCANEA Y DESCARGALA APP<\/p>\n","protected":false},"author":197743546,"featured_media":5187,"parent":0,"menu_order":0,"comment_status":"closed","ping_status":"closed","template":"elementor_header_footer","meta":{"_joinchat":[],"footnotes":""},"class_list":["post-5212","page","type-page","status-publish","has-post-thumbnail","hentry"],"yoast_head":"<!-- This site is optimized with the Yoast SEO plugin v26.8 - https:\/\/yoast.com\/product\/yoast-seo-wordpress\/ -->\n<title>Promo - Mandao Blog<\/title>\n<meta name=\"description\" content=\"Descarga Mandao: la app de entrega de comida a domicilio m\u00e1s r\u00e1pida y f\u00e1cil. \u00a1Disfruta de tus restaurantes favoritos y M\u00c1S!\" \/>\n<meta name=\"robots\" content=\"index, follow, max-snippet:-1, max-image-preview:large, max-video-preview:-1\" \/>\n<link rel=\"canonical\" href=\"https:\/\/mandao.app\/blog\/promo\/\" \/>\n<meta property=\"og:locale\" content=\"es_ES\" \/>\n<meta property=\"og:type\" content=\"article\" \/>\n<meta property=\"og:title\" content=\"Promo - Mandao Blog\" \/>\n<meta property=\"og:description\" content=\"Descarga Mandao: la app de entrega de comida a domicilio m\u00e1s r\u00e1pida y f\u00e1cil. \u00a1Disfruta de tus restaurantes favoritos y M\u00c1S!\" \/>\n<meta property=\"og:url\" content=\"https:\/\/mandao.app\/blog\/promo\/\" \/>\n<meta property=\"og:site_name\" content=\"Mandao Blog\" \/>\n<meta property=\"article:modified_time\" content=\"2025-05-07T17:06:18+00:00\" \/>\n<meta property=\"og:image\" content=\"https:\/\/mandao.app\/blog\/wp-content\/uploads\/2023\/06\/Sabores-de-la-cocina-del-vedado-1.jpg\" \/>\n\t<meta property=\"og:image:width\" content=\"1440\" \/>\n\t<meta property=\"og:image:height\" content=\"800\" \/>\n\t<meta property=\"og:image:type\" content=\"image\/jpeg\" \/>\n<meta name=\"twitter:card\" content=\"summary_large_image\" \/>\n<meta name=\"twitter:label1\" content=\"Tiempo de lectura\" \/>\n\t<meta name=\"twitter:data1\" content=\"1 minuto\" \/>\n<script type=\"application\/ld+json\" class=\"yoast-schema-graph\">{\"@context\":\"https:\/\/schema.org\",\"@graph\":[{\"@type\":\"WebPage\",\"@id\":\"https:\/\/mandao.app\/blog\/promo\/\",\"url\":\"https:\/\/mandao.app\/blog\/promo\/\",\"name\":\"Promo - Mandao Blog\",\"isPartOf\":{\"@id\":\"https:\/\/dev-blog.mandao.app\/blog\/#website\"},\"primaryImageOfPage\":{\"@id\":\"https:\/\/mandao.app\/blog\/promo\/#primaryimage\"},\"image\":{\"@id\":\"https:\/\/mandao.app\/blog\/promo\/#primaryimage\"},\"thumbnailUrl\":\"https:\/\/mandao.app\/blog\/wp-content\/uploads\/2023\/06\/Sabores-de-la-cocina-del-vedado-1.jpg\",\"datePublished\":\"2023-07-04T16:55:04+00:00\",\"dateModified\":\"2025-05-07T17:06:18+00:00\",\"description\":\"Descarga Mandao: la app de entrega de comida a domicilio m\u00e1s r\u00e1pida y f\u00e1cil. \u00a1Disfruta de tus restaurantes favoritos y M\u00c1S!\",\"breadcrumb\":{\"@id\":\"https:\/\/mandao.app\/blog\/promo\/#breadcrumb\"},\"inLanguage\":\"es\",\"potentialAction\":[{\"@type\":\"ReadAction\",\"target\":[\"https:\/\/mandao.app\/blog\/promo\/\"]}]},{\"@type\":\"ImageObject\",\"inLanguage\":\"es\",\"@id\":\"https:\/\/mandao.app\/blog\/promo\/#primaryimage\",\"url\":\"https:\/\/mandao.app\/blog\/wp-content\/uploads\/2023\/06\/Sabores-de-la-cocina-del-vedado-1.jpg\",\"contentUrl\":\"https:\/\/mandao.app\/blog\/wp-content\/uploads\/2023\/06\/Sabores-de-la-cocina-del-vedado-1.jpg\",\"width\":1440,\"height\":800},{\"@type\":\"BreadcrumbList\",\"@id\":\"https:\/\/mandao.app\/blog\/promo\/#breadcrumb\",\"itemListElement\":[{\"@type\":\"ListItem\",\"position\":1,\"name\":\"Portada\",\"item\":\"https:\/\/dev-blog.mandao.app\/blog\/\"},{\"@type\":\"ListItem\",\"position\":2,\"name\":\"Promo\"}]},{\"@type\":\"WebSite\",\"@id\":\"https:\/\/dev-blog.mandao.app\/blog\/#website\",\"url\":\"https:\/\/dev-blog.mandao.app\/blog\/\",\"name\":\"Mandao Blog\",\"description\":\"We deliver food and groceries in Cuba\",\"publisher\":{\"@id\":\"https:\/\/dev-blog.mandao.app\/blog\/#organization\"},\"potentialAction\":[{\"@type\":\"SearchAction\",\"target\":{\"@type\":\"EntryPoint\",\"urlTemplate\":\"https:\/\/dev-blog.mandao.app\/blog\/?s={search_term_string}\"},\"query-input\":{\"@type\":\"PropertyValueSpecification\",\"valueRequired\":true,\"valueName\":\"search_term_string\"}}],\"inLanguage\":\"es\"},{\"@type\":\"Organization\",\"@id\":\"https:\/\/dev-blog.mandao.app\/blog\/#organization\",\"name\":\"Mandao Blog\",\"url\":\"https:\/\/dev-blog.mandao.app\/blog\/\",\"logo\":{\"@type\":\"ImageObject\",\"inLanguage\":\"es\",\"@id\":\"https:\/\/dev-blog.mandao.app\/blog\/#\/schema\/logo\/image\/\",\"url\":\"https:\/\/mandao.app\/blog\/wp-content\/uploads\/2020\/12\/cropped-cropped-mandao-2.jpg\",\"contentUrl\":\"https:\/\/mandao.app\/blog\/wp-content\/uploads\/2020\/12\/cropped-cropped-mandao-2.jpg\",\"width\":130,\"height\":68,\"caption\":\"Mandao Blog\"},\"image\":{\"@id\":\"https:\/\/dev-blog.mandao.app\/blog\/#\/schema\/logo\/image\/\"}}]}<\/script>\n<!-- \/ Yoast SEO plugin. -->","yoast_head_json":{"title":"Promo - Mandao Blog","description":"Descarga Mandao: la app de entrega de comida a domicilio m\u00e1s r\u00e1pida y f\u00e1cil. \u00a1Disfruta de tus restaurantes favoritos y M\u00c1S!","robots":{"index":"index","follow":"follow","max-snippet":"max-snippet:-1","max-image-preview":"max-image-preview:large","max-video-preview":"max-video-preview:-1"},"canonical":"https:\/\/mandao.app\/blog\/promo\/","og_locale":"es_ES","og_type":"article","og_title":"Promo - Mandao Blog","og_description":"Descarga Mandao: la app de entrega de comida a domicilio m\u00e1s r\u00e1pida y f\u00e1cil. \u00a1Disfruta de tus restaurantes favoritos y M\u00c1S!","og_url":"https:\/\/mandao.app\/blog\/promo\/","og_site_name":"Mandao Blog","article_modified_time":"2025-05-07T17:06:18+00:00","og_image":[{"width":1440,"height":800,"url":"https:\/\/mandao.app\/blog\/wp-content\/uploads\/2023\/06\/Sabores-de-la-cocina-del-vedado-1.jpg","type":"image\/jpeg"}],"twitter_card":"summary_large_image","twitter_misc":{"Tiempo de lectura":"1 minuto"},"schema":{"@context":"https:\/\/schema.org","@graph":[{"@type":"WebPage","@id":"https:\/\/mandao.app\/blog\/promo\/","url":"https:\/\/mandao.app\/blog\/promo\/","name":"Promo - Mandao Blog","isPartOf":{"@id":"https:\/\/dev-blog.mandao.app\/blog\/#website"},"primaryImageOfPage":{"@id":"https:\/\/mandao.app\/blog\/promo\/#primaryimage"},"image":{"@id":"https:\/\/mandao.app\/blog\/promo\/#primaryimage"},"thumbnailUrl":"https:\/\/mandao.app\/blog\/wp-content\/uploads\/2023\/06\/Sabores-de-la-cocina-del-vedado-1.jpg","datePublished":"2023-07-04T16:55:04+00:00","dateModified":"2025-05-07T17:06:18+00:00","description":"Descarga Mandao: la app de entrega de comida a domicilio m\u00e1s r\u00e1pida y f\u00e1cil. \u00a1Disfruta de tus restaurantes favoritos y M\u00c1S!","breadcrumb":{"@id":"https:\/\/mandao.app\/blog\/promo\/#breadcrumb"},"inLanguage":"es","potentialAction":[{"@type":"ReadAction","target":["https:\/\/mandao.app\/blog\/promo\/"]}]},{"@type":"ImageObject","inLanguage":"es","@id":"https:\/\/mandao.app\/blog\/promo\/#primaryimage","url":"https:\/\/mandao.app\/blog\/wp-content\/uploads\/2023\/06\/Sabores-de-la-cocina-del-vedado-1.jpg","contentUrl":"https:\/\/mandao.app\/blog\/wp-content\/uploads\/2023\/06\/Sabores-de-la-cocina-del-vedado-1.jpg","width":1440,"height":800},{"@type":"BreadcrumbList","@id":"https:\/\/mandao.app\/blog\/promo\/#breadcrumb","itemListElement":[{"@type":"ListItem","position":1,"name":"Portada","item":"https:\/\/dev-blog.mandao.app\/blog\/"},{"@type":"ListItem","position":2,"name":"Promo"}]},{"@type":"WebSite","@id":"https:\/\/dev-blog.mandao.app\/blog\/#website","url":"https:\/\/dev-blog.mandao.app\/blog\/","name":"Mandao Blog","description":"We deliver food and groceries in Cuba","publisher":{"@id":"https:\/\/dev-blog.mandao.app\/blog\/#organization"},"potentialAction":[{"@type":"SearchAction","target":{"@type":"EntryPoint","urlTemplate":"https:\/\/dev-blog.mandao.app\/blog\/?s={search_term_string}"},"query-input":{"@type":"PropertyValueSpecification","valueRequired":true,"valueName":"search_term_string"}}],"inLanguage":"es"},{"@type":"Organization","@id":"https:\/\/dev-blog.mandao.app\/blog\/#organization","name":"Mandao Blog","url":"https:\/\/dev-blog.mandao.app\/blog\/","logo":{"@type":"ImageObject","inLanguage":"es","@id":"https:\/\/dev-blog.mandao.app\/blog\/#\/schema\/logo\/image\/","url":"https:\/\/mandao.app\/blog\/wp-content\/uploads\/2020\/12\/cropped-cropped-mandao-2.jpg","contentUrl":"https:\/\/mandao.app\/blog\/wp-content\/uploads\/2020\/12\/cropped-cropped-mandao-2.jpg","width":130,"height":68,"caption":"Mandao Blog"},"image":{"@id":"https:\/\/dev-blog.mandao.app\/blog\/#\/schema\/logo\/image\/"}}]}},"_links":{"self":[{"href":"https:\/\/mandao.app\/blog\/wp-json\/wp\/v2\/pages\/5212","targetHints":{"allow":["GET"]}}],"collection":[{"href":"https:\/\/mandao.app\/blog\/wp-json\/wp\/v2\/pages"}],"about":[{"href":"https:\/\/mandao.app\/blog\/wp-json\/wp\/v2\/types\/page"}],"author":[{"embeddable":true,"href":"https:\/\/mandao.app\/blog\/wp-json\/wp\/v2\/users\/197743546"}],"replies":[{"embeddable":true,"href":"https:\/\/mandao.app\/blog\/wp-json\/wp\/v2\/comments?post=5212"}],"version-history":[{"count":27,"href":"https:\/\/mandao.app\/blog\/wp-json\/wp\/v2\/pages\/5212\/revisions"}],"predecessor-version":[{"id":5377,"href":"https:\/\/mandao.app\/blog\/wp-json\/wp\/v2\/pages\/5212\/revisions\/5377"}],"wp:featuredmedia":[{"embeddable":true,"href":"https:\/\/mandao.app\/blog\/wp-json\/wp\/v2\/media\/5187"}],"wp:attachment":[{"href":"https:\/\/mandao.app\/blog\/wp-json\/wp\/v2\/media?parent=5212"}],"curies":[{"name":"wp","href":"https:\/\/api.w.org\/{rel}","templated":true}]}}